{"id":31,"date":"2015-07-08T18:42:29","date_gmt":"2015-07-08T18:42:29","guid":{"rendered":"http:\/\/xpnti.local\/?page_id=31"},"modified":"2019-12-21T16:05:39","modified_gmt":"2019-12-21T15:05:39","slug":"welcome","status":"publish","type":"page","link":"https:\/\/www.xpnti.net\/en\/","title":{"rendered":"Welcome"},"content":{"rendered":"<section id=\"instances\" class=\"focus focus-box\">\n<div class=\"container\">\n<div class=\"into-header\">\n<h1 class=\"intro-text\">High Performance Cloud Hosting.<\/h1>\n<h2>Three flavors of IT infrastructure to improve efficiency<\/h2>\n<ul>\n<li><i class=\"fa fa-check-square-o\"><\/i>High performance per core instances and data security, customizable levels of availability<\/li>\n<li><i class=\"fa fa-check-square-o\"><\/i>Dedicated services for those who have specific needs<\/li>\n<li><i class=\"fa fa-check-square-o\"><\/i>Hybrid Cloud between your services and massive Cloud providers like AWS, Azure and others, allowing you to leverage the best of both kinds of service delivery.<\/li>\n<\/ul>\n<\/div>\n<div class=\"section-header\">\n<h2>HIGH PERFORMANCE INSTANCES<\/h2>\n<h6>Various availability levels<\/h6>\n<\/div>\n<div class=\"row\">\n<div class=\"col-lg-4 col-md-12 col-sm-12 col-xs-12\">\n<div class=\"service-icon\"><\/div>\n<h5 class=\"red-border-bottom\">Performance<\/h5>\n<p>Instances running on Frequency Optimized Intel Xeon E5 CPUs. Storage on redundant Enterprise SSD.<\/p>\n<p><a href=\"https:\/\/www.xpnti.net\/es\/rendimiento-por-vcpu\/\">Why matters per core performance on a multicore world?<\/a><\/p>\n<p>Everything on solid state and battery backed caches<\/p>\n<p>Everything at least 10Gb\/s Ethernet<\/p>\n<p>GPU instances available, based on Nvidia GRID K2 (2xGK104GL with 8GB each)<\/p>\n<\/div>\n<div class=\"col-lg-4 col-md-12 col-sm-12 col-xs-12\">\n<div class=\"service-icon\"><\/div>\n<h5 class=\"red-border-bottom\">Replicated<\/h5>\n<p>On top of the performance instances, we replicate each volume every 30 seconds, so you will have two copies of your data on two zones or regions using logical replication. As we use logical replication, problems on the filesystem of the storage subsystem won&#8217;t affect both replicas.<\/p>\n<p>If you choose to have both replicas at the same region, starting from a replica doesn&#8217;t need any change to DNS or network, if the replicas are at different regions, you will need to change DNS or use a CNAME to the Instance endpoint. This way, the regions are independent between them, also at level 3.<\/p>\n<p>For an additional fee, you can order the managed failover option and we include backup of your VM with a retention of 30 days, stored at another location.<\/p>\n<p>GPU instances aren&#8217;t compatible with replica.<\/p>\n<\/div>\n<div class=\"col-lg-4 col-md-12 col-sm-12 col-xs-12\">\n<div class=\"service-icon\"><\/div>\n<h5 class=\"red-border-bottom\">Accelerated<\/h5>\n<p>To ease the management of a multi-region environment, at each region we provide a cluster of load balancers with cache and SSL capabilities.<br \/>\nThat, allows you to be resilient to the failure of your service on it&#8217;s primary zone, in the meantime, users will be faced with a customizable page that asks them to come back in few minutes, after your replica has started, users will be using the replica infrastructure.<\/p>\n<p>If you have several servers, you can choose where do you want to place each of them, bearing in mind factors, like resiliency, data consistency or performance that could affect your application.<\/p>\n<\/div>\n<\/div>\n<\/div>\n<\/section>\n<section id=\"services\" class=\"focus focus-box\">\n<div class=\"container\">\n<div class=\"section-header\">\n<h2>SERVICIOS DEDICADOS, ALOJADOS O PROPIOS<\/h2>\n<h6>Servicio dedicado hosted o propio para aquellos servicios que requieren de HW especifico, SAP HANA, AIX\/PowerLinux, Sparc, AS\/400,&#8230;<\/h6>\n<\/div>\n<p>La \u00fanica diferencia entre alojado y propio es la propiedad de los equipos, o de XPNTI o del cliente respectivamente.<\/p>\n<p>Actualmente la \u00fanica regi\u00f3n habilitada para recibir equipos de cliente es <strong>GB<\/strong> y aqu\u00ed podemos integrar en la red de las instancias aquellos equipos con funcionalidades o certificaciones diferenciales o bien, solo aprovechar el rendimiento e integraciones con la red.<\/p>\n<p>Por un lado, estamos cerca de Londres, en <a href=\"http:\/\/www.equinix.com\/locations\/united-kingdom-colocation\/london-data-centers\/\" target=\"_blank\" rel=\"noopener\">Slough, en el campus de Equinix<\/a>, de forma que aunque tenemos latencias de como m\u00e1ximo\u00a030 ms. a la mayor\u00eda de pa\u00edses\u00a0de Europa occidental, estamos en la mejor ubicaci\u00f3n para ofrecer servicios a nivel mundial pero bajo legislaci\u00f3n Europea.<\/p>\n<p>Los casos de uso t\u00edpicos son:<\/p>\n<div class=\"row\">\n<div class=\"col-lg-4 col-md-12 col-sm-12 col-xs-12\">\n<div class=\"service-icon\"><\/div>\n<h5 class=\"red-border-bottom\">Latencias Europa, America y Asia<\/h5>\n<p>Slough est\u00e1 en una ubicaci\u00f3n perfecta para tener muy buenas latencias con la mayor\u00eda de la Europa Occidental (&lt;30 ms a la mayor\u00eda de pa\u00edses) y a la vez disponer de latencias aceptables hasta America, 70 ms. costa este EEUU (NYC), 125 ms.\u00a0hasta\u00a0Seattle o Ciudad de M\u00e9xico, o 200 ms hasta S\u00e3o Paulo o Hong Kong.<\/p>\n<p>Gracias a esta ubicaci\u00f3n, las empresas basadas en Europa pueden empezar a ofrecer buen servicio al resto del planeta sin entrar en multiples centros de datos y geolocalizar los accesos mediante DNS.<\/p>\n<\/div>\n<div class=\"col-lg-4 col-md-12 col-sm-12 col-xs-12\">\n<div class=\"service-icon\"><\/div>\n<h5 class=\"red-border-bottom\">Integraci\u00f3n con Cloud<\/h5>\n<p>Disponemos conexi\u00f3n directa con la mayor\u00eda de proveedores Cloud con presencia en EU, en la mayor\u00eda de los casos se integra la red del cliente con la red virtual en el proveedor y se dispone de conexi\u00f3n directa y dedicada entre las dos redes, mejorando costes, latencias, ancho de banda y variaciones de los mismos.<\/p>\n<p>Perfecto para integrar sistemas no virtualizables sobre x86 con los servicios en Cloud. Uno de los t\u00edpicos casos es disponer del ERP\/Datawarehouse en servidores dedicados e interconnectar con AWS\/Azure para BigData u otros servicios de anal\u00edtica, el\u00e1sticos y ef\u00edmeros<\/p>\n<\/div>\n<div class=\"col-lg-4 col-md-12 col-sm-12 col-xs-12\">\n<div class=\"service-icon\"><\/div>\n<h5 class=\"red-border-bottom\">Capacidad e Interconexi\u00f3n<\/h5>\n<p>A parte de los proveedores Cloud, estamos en uno de los campus de centros de datos m\u00e1s conectados de Europa. M\u00e1s de 300 proveedores a un cable de distancia:<\/p>\n<ul>\n<li><i class=\"fa fa-check-square-o\"><\/i>Servicios de Voz sobre primarios<\/li>\n<li><i class=\"fa fa-check-square-o\"><\/i>Servicios financieros Nasdaq, Bloomberg, Deutsche B\u00f6rse<\/li>\n<li><i class=\"fa fa-check-square-o\"><\/i>LINX, Punto neutro de Londres, 635 operadores, 3Tb\/s intercambiado<\/li>\n<li><i class=\"fa fa-check-square-o\"><\/i>M\u00e1s de 40.000 m\u00b2 de espacio t\u00e9cnico<\/li>\n<\/ul>\n<\/div>\n<\/div>\n<\/div>\n<\/section>\n<section id=\"integration\" class=\"focus focus-box\">\n<div class=\"container\">\n<div class=\"section-header\">\n<h2>INTEGRACI\u00d3N CON AWS, AZURE, ETC\u2026<\/h2>\n<h6>Integraci\u00f3n a nivel de red privada y dedicada con las nubes l\u00edderes del mercado (AWS, Azure, y otras) para aprovechar sus ventajas sin tener que aceptar\u00a0sus inconvenientes<\/h6>\n<\/div>\n<p>En el campus de Equinix de Slough donde tenemos la regi\u00f3n GB, tenemos capacidad para integrar nuestras redes con las redes de AWS, Azure y muchos otros proveedores Cloud (si el proveedor ofrece el servicio en Equinix LD4, LD5 o LD6, lo podemos integrar). En AWS, el servicio se llama <a href=\"http:\/\/aws.amazon.com\/es\/directconnect\" target=\"_blank\" rel=\"noopener\">DirectConnect<\/a> y en Azure y Office365, <a href=\"https:\/\/azure.microsoft.com\/es-es\/services\/expressroute\/\" target=\"_blank\" rel=\"noopener\">ExpressRoute<\/a> pero en todos los casos, acabamos integrando nuestra\/s redes dedicadas para el cliente\u00a0contra los VPC o VNET en la nube mediante un enlace privado y dedicado de 50 Mb\/s a 10Gb\/s.<\/p>\n<p>Algunas de las opciones que nos permite:<\/p>\n<ul>\n<li><i class=\"fa fa-check-square-o\"><\/i>Integrar nuestras instancias de alto rendimiento con instancias puntuales en AWS\/Azure. Scale-Up 24&#215;7 en XPnTI, Scale-Out ef\u00edmero, en AWS\/Azure<\/li>\n<li><i class=\"fa fa-check-square-o\"><\/i>Integrar servicios que son imposibles o complejos de correr en AWS\/Azure por requerimientos de red (multicasts, IPs flotantes), por ejemplo Oracle RAC o Failover Cluster de SQL e integrarlos con servidores de aplicaci\u00f3n en la nube.<\/li>\n<li><i class=\"fa fa-check-square-o\"><\/i>Disponer de rango de red controlado y a su nombre para los servicios, por ejemplo de Mailing o por reputaci\u00f3n. Si es LIR podemos publicar con su actuales IPs, sino, le podemos proporcionar el rango necesario.<\/li>\n<li><i class=\"fa fa-check-square-o\"><\/i>Reducir el coste de transferencia en los proveedores de nube. El coste de 1GB en ambos es de alrededor de $0.09, el mismo 1GB enviado por DirectConnect es de $0.03, a partir de un umbral de GB\/mes que cubran los costes fijos del enlace, se pueden obtener ahorros interesantes. Microsoft en este <a href=\"http:\/\/download.microsoft.com\/download\/0\/F\/B\/0FBFAA46-2BFD-478F-8E56-7BF3C672DF9D\/Microsoft%20Azure%20ExpressRoute.pdf\" target=\"_blank\" rel=\"noopener\">whitepaper<\/a> encuentra el break-even alrededor de 10TB<\/li>\n<li><i class=\"fa fa-check-square-o\"><\/i>Usar AWS y Azure como DR uno del otro o integrarlos. Es viable integrar ambos entornos si hemos sido cuidadosos con la asignaci\u00f3n de direccionamiento en los VPCs y VNETs.<\/li>\n<\/ul>\n<\/div>\n<\/section>\n<section id=\"management\" class=\"focus\">\n<div class=\"container\">\n<div class=\"section-header\">\n<h2>SERVICIOS PROFESIONALES<\/h2>\n<h6>Servicios gestionados 24&#215;7 alojados por nosotros o h\u00edbridos<\/h6>\n<p>Todos los servicios de infraestructura\u00a0incluyen mantenimiento y soporte 24&#215;7, pero para aquellos entornos\u00a0espec\u00edficos del cliente, podemos realizar la gesti\u00f3n de los mismos.<\/p>\n<p>La gesti\u00f3n est\u00e1 orientada de arriba a abajo, qu\u00e9 servicios\/aplicaciones se deben gestionar y luego de qu\u00e9 componentes est\u00e1n compuestos. En todos los casos va incluida una monitorizaci\u00f3n de los diferentes componentes y una monitorizaci\u00f3n externa para comprobar que est\u00e1 visible para los usuarios.<\/p>\n<p>Tambi\u00e9n realizamos proyectos de puesta en marcha y migraci\u00f3n hasta los diferentes entornos posibles. Por ejemplo:<\/p>\n<ul>\n<li><i class=\"fa fa-check-square-o\"><\/i>Desplegar la interconexi\u00f3n con AWS\/Azure a todas las sedes de la compa\u00f1\u00eda al conectar nuestro centro de datos como un extremo m\u00e1s de su MPLS, tenemos iluminadas m\u00e1s de 300 ubicaciones en Europa. Por ejemplo para entregar Office365 v\u00eda Azure ExpressRoute a usuarios sin que dispongan de acceso a Internet p\u00fablica.<\/li>\n<li><i class=\"fa fa-check-square-o\"><\/i>Migrar una aplicaci\u00f3n de un entorno Scale-Up a un entorno Scale-Out sin perdida de rendimiento.<\/li>\n<li><i class=\"fa fa-check-square-o\"><\/i>Acelerar la distribuci\u00f3n de contenidos est\u00e1ticos o migrar de almacenaje en sistema de ficheros a almacenaje en objetos (S3 \/ Azure Blobs)<\/li>\n<\/ul>\n<\/div>\n<\/div>\n<\/section>\n<section id=\"contact\" class=\"packages\">\n<div class=\"container\"><\/div>\n<\/section>","protected":false},"excerpt":{"rendered":"<p>High Performance Cloud Hosting. Three flavors of IT infrastructure to improve efficiency High performance per core instances and data security, customizable levels of availability Dedicated services for those who have specific needs Hybrid Cloud between your services and massive Cloud providers like AWS, Azure and others, allowing you to leverage the best of both kinds<a href=\"https:\/\/www.xpnti.net\/en\/\">[&#8230;]<\/a><\/p>\n","protected":false},"author":1,"featured_media":0,"parent":0,"menu_order":0,"comment_status":"closed","ping_status":"closed","template":"template-fullwidth.php","meta":[],"_links":{"self":[{"href":"https:\/\/www.xpnti.net\/en\/wp-json\/wp\/v2\/pages\/31"}],"collection":[{"href":"https:\/\/www.xpnti.net\/en\/wp-json\/wp\/v2\/pages"}],"about":[{"href":"https:\/\/www.xpnti.net\/en\/wp-json\/wp\/v2\/types\/page"}],"author":[{"embeddable":true,"href":"https:\/\/www.xpnti.net\/en\/wp-json\/wp\/v2\/users\/1"}],"replies":[{"embeddable":true,"href":"https:\/\/www.xpnti.net\/en\/wp-json\/wp\/v2\/comments?post=31"}],"version-history":[{"count":112,"href":"https:\/\/www.xpnti.net\/en\/wp-json\/wp\/v2\/pages\/31\/revisions"}],"predecessor-version":[{"id":9512,"href":"https:\/\/www.xpnti.net\/en\/wp-json\/wp\/v2\/pages\/31\/revisions\/9512"}],"wp:attachment":[{"href":"https:\/\/www.xpnti.net\/en\/wp-json\/wp\/v2\/media?parent=31"}],"curies":[{"name":"wp","href":"https:\/\/api.w.org\/{rel}","templated":true}]}}